{"id":209,"date":"2020-10-07T14:10:49","date_gmt":"2020-10-07T12:10:49","guid":{"rendered":"https:\/\/w3.comdecasa.cat\/?page_id=209"},"modified":"2024-07-19T13:44:27","modified_gmt":"2024-07-19T11:44:27","slug":"qui-som","status":"publish","type":"page","link":"https:\/\/comdecasa.cat\/index.php\/qui-som\/","title":{"rendered":"Qui som"},"content":{"rendered":"\t\t<div data-elementor-type=\"wp-page\" data-elementor-id=\"209\" class=\"elementor elementor-209\" data-elementor-post-type=\"page\">\n\t\t\t\t\t\t\t<div class=\"elementor-element elementor-element-9f9029 e-con-full e-flex e-con e-parent\" data-id=\"9f9029\" data-element_type=\"container\" data-settings=\"{&quot;background_background&quot;:&quot;gradient&quot;,&quot;content_width&quot;:&quot;full&quot;,&quot;container_type&quot;:&quot;flex&quot;}\" data-core-v316-plus=\"true\">\n\t\t<div class=\"elementor-element elementor-element-1b824594 e-con-full e-flex e-con e-child\" data-id=\"1b824594\" data-element_type=\"container\" data-settings=\"{&quot;content_width&quot;:&quot;full&quot;,&quot;container_type&quot;:&quot;flex&quot;}\">\n\t\t\t\t<div class=\"elementor-element elementor-element-342b0e1a elementor-widget__width-inherit elementor-widget-divider--view-line elementor-invisible elementor-widget elementor-widget-divider\" data-id=\"342b0e1a\" data-element_type=\"widget\" data-settings=\"{&quot;_animation&quot;:&quot;fadeInLeft&quot;}\" data-widget_type=\"divider.default\">\n\t\t\t\t<div class=\"elementor-widget-container\">\n\t\t\t\t\t<div class=\"elementor-divider\">\n\t\t\t<span class=\"elementor-divider-separator\">\n\t\t\t\t\t\t<\/span>\n\t\t<\/div>\n\t\t\t\t<\/div>\n\t\t\t\t<\/div>\n\t\t\t\t<div class=\"elementor-element elementor-element-268582e4 elementor-widget__width-initial elementor-widget-tablet__width-inherit elementor-widget elementor-widget-heading\" data-id=\"268582e4\" data-element_type=\"widget\" data-widget_type=\"heading.default\">\n\t\t\t\t<div class=\"elementor-widget-container\">\n\t\t\t<h2 class=\"elementor-heading-title elementor-size-default\">Qui som<\/h2>\t\t<\/div>\n\t\t\t\t<\/div>\n\t\t\t\t<div class=\"elementor-element elementor-element-442c6db4 elementor-widget__width-initial elementor-widget-tablet__width-inherit elementor-widget elementor-widget-text-editor\" data-id=\"442c6db4\" data-element_type=\"widget\" data-widget_type=\"text-editor.default\">\n\t\t\t\t<div class=\"elementor-widget-container\">\n\t\t\t\t\t\t\t<p class=\"p1\">Com de Casa va n\u00e9ixer el 2006. Vam comen\u00e7ar gr\u00e0cies a la inspiraci\u00f3 que ens va donar la nostra \u00e0via. Ella ens va ensenyar a dignificar i respectar tots els oficis i a treballar fort per aconseguir el que et proposes.<\/p><p class=\"p1\">Vam comen\u00e7ar 3 persones, la meva germana, l&#8217;\u00c0ngels, treballadora de la llar de la nostra \u00e0via, i jo. L&#8217;\u00c0ngels ens va ensenyar a \u201cportar una casa\u201d i a netejar de diferents locals. Aquesta experi\u00e8ncia l&#8217;hem anat transmeten a totes les treballadores que actualment formem Com de Casa.<\/p><p class=\"p1\"><b>TOT UN GRAN EQUIP DE PERSONES!!!!<\/b><\/p><p class=\"p1\">S\u00edlvia i N\u00faria Puig<\/p>\t\t\t\t\t\t<\/div>\n\t\t\t\t<\/div>\n\t\t\t\t<\/div>\n\t\t\t\t<\/div>\n\t\t<div class=\"elementor-element elementor-element-e22942c e-flex e-con-boxed e-con e-parent\" data-id=\"e22942c\" data-element_type=\"container\" data-settings=\"{&quot;container_type&quot;:&quot;flex&quot;,&quot;content_width&quot;:&quot;boxed&quot;}\" data-core-v316-plus=\"true\">\n\t\t\t\t\t<div class=\"e-con-inner\">\n\t\t\t\t<div class=\"elementor-element elementor-element-152457d elementor-widget elementor-widget-image\" data-id=\"152457d\" data-element_type=\"widget\" data-widget_type=\"image.default\">\n\t\t\t\t<div class=\"elementor-widget-container\">\n\t\t\t\t\t\t\t\t\t\t\t\t\t\t\t<img decoding=\"async\" width=\"300\" height=\"144\" src=\"https:\/\/comdecasa.cat\/wp-content\/uploads\/2021\/12\/Pagina-Web-Inspo-Onze-300x144.png\" class=\"attachment-medium size-medium wp-image-1160\" alt=\"\" srcset=\"https:\/\/comdecasa.cat\/wp-content\/uploads\/2021\/12\/Pagina-Web-Inspo-Onze-300x144.png 300w, https:\/\/comdecasa.cat\/wp-content\/uploads\/2021\/12\/Pagina-Web-Inspo-Onze-1024x493.png 1024w, https:\/\/comdecasa.cat\/wp-content\/uploads\/2021\/12\/Pagina-Web-Inspo-Onze-768x370.png 768w, https:\/\/comdecasa.cat\/wp-content\/uploads\/2021\/12\/Pagina-Web-Inspo-Onze-600x289.png 600w, https:\/\/comdecasa.cat\/wp-content\/uploads\/2021\/12\/Pagina-Web-Inspo-Onze.png 1350w\" sizes=\"(max-width: 300px) 100vw, 300px\" \/>\t\t\t\t\t\t\t\t\t\t\t\t\t\t\t<\/div>\n\t\t\t\t<\/div>\n\t\t\t\t\t<\/div>\n\t\t\t\t<\/div>\n\t\t<div class=\"elementor-element elementor-element-46202a10 e-con-full e-flex elementor-invisible e-con e-parent\" data-id=\"46202a10\" data-element_type=\"container\" data-settings=\"{&quot;content_width&quot;:&quot;full&quot;,&quot;background_background&quot;:&quot;gradient&quot;,&quot;animation&quot;:&quot;fadeInUp&quot;,&quot;container_type&quot;:&quot;flex&quot;}\" data-core-v316-plus=\"true\">\n\t\t<div class=\"elementor-element elementor-element-4bb5a018 e-con-full e-flex e-con e-child\" data-id=\"4bb5a018\" data-element_type=\"container\" data-settings=\"{&quot;content_width&quot;:&quot;full&quot;,&quot;container_type&quot;:&quot;flex&quot;}\">\n\t\t\t\t<div class=\"elementor-element elementor-element-4c83ef1b elementor-cta--layout-image-above elementor-widget__width-initial elementor-widget-tablet__width-initial elementor-widget-mobile__width-inherit elementor-cta--skin-classic elementor-animated-content elementor-bg-transform elementor-bg-transform-zoom-in elementor-widget elementor-widget-call-to-action\" data-id=\"4c83ef1b\" data-element_type=\"widget\" data-widget_type=\"call-to-action.default\">\n\t\t\t\t<div class=\"elementor-widget-container\">\n\t\t\t\t\t<div class=\"elementor-cta\">\n\t\t\t\t\t\t\t<div class=\"elementor-cta__content\">\n\t\t\t\t\n\t\t\t\t\t\t\t\t\t<h2 class=\"elementor-cta__title elementor-cta__content-item elementor-content-item\">\n\t\t\t\t\t\tMissi\u00f3\t\t\t\t\t<\/h2>\n\t\t\t\t\n\t\t\t\t\t\t\t\t\t<div class=\"elementor-cta__description elementor-cta__content-item elementor-content-item\">\n\t\t\t\t\t\tFer professi\u00f3 i dignificar l'ofici de treballador\/a de la llar.\t\t\t\t\t<\/div>\n\t\t\t\t\n\t\t\t\t\t\t\t<\/div>\n\t\t\t\t\t\t<\/div>\n\t\t\t\t<\/div>\n\t\t\t\t<\/div>\n\t\t\t\t<div class=\"elementor-element elementor-element-d497b83 elementor-cta--layout-image-above elementor-widget__width-initial elementor-widget-tablet__width-initial elementor-widget-mobile__width-inherit elementor-cta--skin-classic elementor-animated-content elementor-bg-transform elementor-bg-transform-zoom-in elementor-widget elementor-widget-call-to-action\" data-id=\"d497b83\" data-element_type=\"widget\" data-widget_type=\"call-to-action.default\">\n\t\t\t\t<div class=\"elementor-widget-container\">\n\t\t\t\t\t<div class=\"elementor-cta\">\n\t\t\t\t\t\t\t<div class=\"elementor-cta__content\">\n\t\t\t\t\n\t\t\t\t\t\t\t\t\t<h2 class=\"elementor-cta__title elementor-cta__content-item elementor-content-item\">\n\t\t\t\t\t\tVisi\u00f3\t\t\t\t\t<\/h2>\n\t\t\t\t\n\t\t\t\t\t\t\t\t\t<div class=\"elementor-cta__description elementor-cta__content-item elementor-content-item\">\n\t\t\t\t\t\tLa nostra societat ha perm\u00e8s durant molts anys que les feines que es fan a la llar no estiguessin regularitzades i per tant, les persones que les han fet no han tingut els drets que els treballadors\/es han lluitat per tenir durant molt de temps.<br><br>Actualment, per sort, molta gent \u00e9s sensible a aquesta injust\u00edcia, i per tant, cada cop m\u00e9s les feines de la llar es contracten i per tant, els treballadors\/es que les realitzen, per fi, tenen igual drets i obligacions que la resta de treballadors.\t\t\t\t\t<\/div>\n\t\t\t\t\n\t\t\t\t\t\t\t<\/div>\n\t\t\t\t\t\t<\/div>\n\t\t\t\t<\/div>\n\t\t\t\t<\/div>\n\t\t\t\t<div class=\"elementor-element elementor-element-42b39e42 elementor-cta--layout-image-above elementor-widget__width-initial elementor-widget-tablet__width-initial elementor-widget-mobile__width-inherit elementor-cta--skin-classic elementor-animated-content elementor-bg-transform elementor-bg-transform-zoom-in elementor-widget elementor-widget-call-to-action\" data-id=\"42b39e42\" data-element_type=\"widget\" data-widget_type=\"call-to-action.default\">\n\t\t\t\t<div class=\"elementor-widget-container\">\n\t\t\t\t\t<div class=\"elementor-cta\">\n\t\t\t\t\t\t\t<div class=\"elementor-cta__content\">\n\t\t\t\t\n\t\t\t\t\t\t\t\t\t<h2 class=\"elementor-cta__title elementor-cta__content-item elementor-content-item\">\n\t\t\t\t\t\tValors\t\t\t\t\t<\/h2>\n\t\t\t\t\n\t\t\t\t\t\t\t\t\t<div class=\"elementor-cta__description elementor-cta__content-item elementor-content-item\">\n\t\t\t\t\t\t<b>Conciliaci\u00f3 familiar<\/b>, TOT l'equip de Com de Casa adapta el seu horari de treball a les seves necessitats familiars.<br><br><b>Estabilitat<\/b>, la nostra filosofia \u00e9s que si una persona est\u00e0 estable en el seu lloc de treball amb el temps t\u00e9 alt coneixement de la seva feina i, per tant, es millora en qualitat en els serveis.<br><br><b>Respecte<\/b> per a la feina feta i per qualsevol situaci\u00f3 personal de l'equip de Com de Casa.<br><br><b>Diversitat<\/b> que permet enriquir dia a dia el nostre equip i ens fa a tots molt millors.\t\t\t\t\t<\/div>\n\t\t\t\t\n\t\t\t\t\t\t\t<\/div>\n\t\t\t\t\t\t<\/div>\n\t\t\t\t<\/div>\n\t\t\t\t<\/div>\n\t\t\t\t<\/div>\n\t\t\t\t<\/div>\n\t\t<div class=\"elementor-element elementor-element-3da53f54 e-con-full e-flex elementor-invisible e-con e-parent\" data-id=\"3da53f54\" data-element_type=\"container\" data-settings=\"{&quot;content_width&quot;:&quot;full&quot;,&quot;background_background&quot;:&quot;gradient&quot;,&quot;animation&quot;:&quot;fadeInUp&quot;,&quot;container_type&quot;:&quot;flex&quot;}\" data-core-v316-plus=\"true\">\n\t\t<div class=\"elementor-element elementor-element-55a3194b e-flex e-con-boxed e-con e-child\" data-id=\"55a3194b\" data-element_type=\"container\" data-settings=\"{&quot;container_type&quot;:&quot;flex&quot;,&quot;content_width&quot;:&quot;boxed&quot;}\">\n\t\t\t\t\t<div class=\"e-con-inner\">\n\t\t\t\t<div class=\"elementor-element elementor-element-c284a73 gallery-spacing-custom elementor-widget__width-inherit elementor-widget elementor-widget-image-gallery\" data-id=\"c284a73\" data-element_type=\"widget\" data-widget_type=\"image-gallery.default\">\n\t\t\t\t<div class=\"elementor-widget-container\">\n\t\t\t\t\t<div class=\"elementor-image-gallery\">\n\t\t\t<div id='gallery-1' class='gallery galleryid-209 gallery-columns-3 gallery-size-medium_large'><figure class='gallery-item'>\n\t\t\t<div class='gallery-icon portrait'>\n\t\t\t\t<img fetchpriority=\"high\" width=\"768\" height=\"1061\" src=\"https:\/\/comdecasa.cat\/wp-content\/uploads\/2024\/07\/iStock-1349699390-768x1061.jpg\" class=\"attachment-medium_large size-medium_large\" alt=\"\" decoding=\"async\" aria-describedby=\"gallery-1-2278\" srcset=\"https:\/\/comdecasa.cat\/wp-content\/uploads\/2024\/07\/iStock-1349699390-768x1061.jpg 768w, https:\/\/comdecasa.cat\/wp-content\/uploads\/2024\/07\/iStock-1349699390-217x300.jpg 217w, https:\/\/comdecasa.cat\/wp-content\/uploads\/2024\/07\/iStock-1349699390-741x1024.jpg 741w, https:\/\/comdecasa.cat\/wp-content\/uploads\/2024\/07\/iStock-1349699390-1112x1536.jpg 1112w, https:\/\/comdecasa.cat\/wp-content\/uploads\/2024\/07\/iStock-1349699390-1483x2048.jpg 1483w, https:\/\/comdecasa.cat\/wp-content\/uploads\/2024\/07\/iStock-1349699390-scaled.jpg 1854w\" sizes=\"(max-width: 768px) 100vw, 768px\" \/>\n\t\t\t<\/div>\n\t\t\t\t<figcaption class='wp-caption-text gallery-caption' id='gallery-1-2278'>\n\t\t\t\tScandinavian interior kitchen &#8211; wooden shelf-hanger with a cookie jar, ceramic jug, dried rowan flowers, linen towels on a light wall\n\t\t\t\t<\/figcaption><\/figure><figure class='gallery-item'>\n\t\t\t<div class='gallery-icon portrait'>\n\t\t\t\t<img width=\"768\" height=\"1152\" src=\"https:\/\/comdecasa.cat\/wp-content\/uploads\/2024\/07\/finalista-2-768x1152.jpeg\" class=\"attachment-medium_large size-medium_large\" alt=\"\" decoding=\"async\" srcset=\"https:\/\/comdecasa.cat\/wp-content\/uploads\/2024\/07\/finalista-2-768x1152.jpeg 768w, https:\/\/comdecasa.cat\/wp-content\/uploads\/2024\/07\/finalista-2-200x300.jpeg 200w, https:\/\/comdecasa.cat\/wp-content\/uploads\/2024\/07\/finalista-2-683x1024.jpeg 683w, https:\/\/comdecasa.cat\/wp-content\/uploads\/2024\/07\/finalista-2-1024x1536.jpeg 1024w, https:\/\/comdecasa.cat\/wp-content\/uploads\/2024\/07\/finalista-2-1365x2048.jpeg 1365w, https:\/\/comdecasa.cat\/wp-content\/uploads\/2024\/07\/finalista-2-scaled.jpeg 1707w\" sizes=\"(max-width: 768px) 100vw, 768px\" \/>\n\t\t\t<\/div><\/figure><figure class='gallery-item'>\n\t\t\t<div class='gallery-icon portrait'>\n\t\t\t\t<img loading=\"lazy\" width=\"768\" height=\"1152\" src=\"https:\/\/comdecasa.cat\/wp-content\/uploads\/2024\/07\/iStock-1440561351-768x1152.jpg\" class=\"attachment-medium_large size-medium_large\" alt=\"\" decoding=\"async\" aria-describedby=\"gallery-1-2279\" srcset=\"https:\/\/comdecasa.cat\/wp-content\/uploads\/2024\/07\/iStock-1440561351-768x1152.jpg 768w, https:\/\/comdecasa.cat\/wp-content\/uploads\/2024\/07\/iStock-1440561351-200x300.jpg 200w, https:\/\/comdecasa.cat\/wp-content\/uploads\/2024\/07\/iStock-1440561351-683x1024.jpg 683w, https:\/\/comdecasa.cat\/wp-content\/uploads\/2024\/07\/iStock-1440561351-1024x1536.jpg 1024w, https:\/\/comdecasa.cat\/wp-content\/uploads\/2024\/07\/iStock-1440561351-1365x2048.jpg 1365w, https:\/\/comdecasa.cat\/wp-content\/uploads\/2024\/07\/iStock-1440561351-scaled.jpg 1707w\" sizes=\"(max-width: 768px) 100vw, 768px\" \/>\n\t\t\t<\/div>\n\t\t\t\t<figcaption class='wp-caption-text gallery-caption' id='gallery-1-2279'>\n\t\t\t\tLaundry room. Laundry basket, cleaning accessories on a wooden bench. Scandinavian style interior\n\t\t\t\t<\/figcaption><\/figure>\n\t\t<\/div>\n\t\t<\/div>\n\t\t\t\t<\/div>\n\t\t\t\t<\/div>\n\t\t\t\t\t<\/div>\n\t\t\t\t<\/div>\n\t\t\t\t<\/div>\n\t\t<div class=\"elementor-element elementor-element-575b75d1 e-flex e-con-boxed e-con e-parent\" data-id=\"575b75d1\" data-element_type=\"container\" data-settings=\"{&quot;container_type&quot;:&quot;flex&quot;,&quot;content_width&quot;:&quot;boxed&quot;}\" data-core-v316-plus=\"true\">\n\t\t\t\t\t<div class=\"e-con-inner\">\n\t\t\t\t<div class=\"elementor-element elementor-element-36e6512b elementor-widget elementor-widget-heading\" data-id=\"36e6512b\" data-element_type=\"widget\" data-widget_type=\"heading.default\">\n\t\t\t\t<div class=\"elementor-widget-container\">\n\t\t\t<h6 class=\"elementor-heading-title elementor-size-default\">Segueix-nos<\/h6>\t\t<\/div>\n\t\t\t\t<\/div>\n\t\t\t\t<div class=\"elementor-element elementor-element-1c2cc878 elementor-shape-rounded elementor-grid-0 e-grid-align-center elementor-widget elementor-widget-social-icons\" data-id=\"1c2cc878\" data-element_type=\"widget\" data-widget_type=\"social-icons.default\">\n\t\t\t\t<div class=\"elementor-widget-container\">\n\t\t\t\t\t<div class=\"elementor-social-icons-wrapper elementor-grid\">\n\t\t\t\t\t\t\t<span class=\"elementor-grid-item\">\n\t\t\t\t\t<a class=\"elementor-icon elementor-social-icon elementor-social-icon-facebook-f elementor-repeater-item-7aad70b\" target=\"_blank\">\n\t\t\t\t\t\t<span class=\"elementor-screen-only\">Facebook-f<\/span>\n\t\t\t\t\t\t<svg class=\"e-font-icon-svg e-fab-facebook-f\" viewBox=\"0 0 320 512\" xmlns=\"http:\/\/www.w3.org\/2000\/svg\"><path d=\"M279.14 288l14.22-92.66h-88.91v-60.13c0-25.35 12.42-50.06 52.24-50.06h40.42V6.26S260.43 0 225.36 0c-73.22 0-121.08 44.38-121.08 124.72v70.62H22.89V288h81.39v224h100.17V288z\"><\/path><\/svg>\t\t\t\t\t<\/a>\n\t\t\t\t<\/span>\n\t\t\t\t\t\t\t<span class=\"elementor-grid-item\">\n\t\t\t\t\t<a class=\"elementor-icon elementor-social-icon elementor-social-icon-instagram elementor-repeater-item-c97bc5f\" target=\"_blank\">\n\t\t\t\t\t\t<span class=\"elementor-screen-only\">Instagram<\/span>\n\t\t\t\t\t\t<svg class=\"e-font-icon-svg e-fab-instagram\" viewBox=\"0 0 448 512\" xmlns=\"http:\/\/www.w3.org\/2000\/svg\"><path d=\"M224.1 141c-63.6 0-114.9 51.3-114.9 114.9s51.3 114.9 114.9 114.9S339 319.5 339 255.9 287.7 141 224.1 141zm0 189.6c-41.1 0-74.7-33.5-74.7-74.7s33.5-74.7 74.7-74.7 74.7 33.5 74.7 74.7-33.6 74.7-74.7 74.7zm146.4-194.3c0 14.9-12 26.8-26.8 26.8-14.9 0-26.8-12-26.8-26.8s12-26.8 26.8-26.8 26.8 12 26.8 26.8zm76.1 27.2c-1.7-35.9-9.9-67.7-36.2-93.9-26.2-26.2-58-34.4-93.9-36.2-37-2.1-147.9-2.1-184.9 0-35.8 1.7-67.6 9.9-93.9 36.1s-34.4 58-36.2 93.9c-2.1 37-2.1 147.9 0 184.9 1.7 35.9 9.9 67.7 36.2 93.9s58 34.4 93.9 36.2c37 2.1 147.9 2.1 184.9 0 35.9-1.7 67.7-9.9 93.9-36.2 26.2-26.2 34.4-58 36.2-93.9 2.1-37 2.1-147.8 0-184.8zM398.8 388c-7.8 19.6-22.9 34.7-42.6 42.6-29.5 11.7-99.5 9-132.1 9s-102.7 2.6-132.1-9c-19.6-7.8-34.7-22.9-42.6-42.6-11.7-29.5-9-99.5-9-132.1s-2.6-102.7 9-132.1c7.8-19.6 22.9-34.7 42.6-42.6 29.5-11.7 99.5-9 132.1-9s102.7-2.6 132.1 9c19.6 7.8 34.7 22.9 42.6 42.6 11.7 29.5 9 99.5 9 132.1s2.7 102.7-9 132.1z\"><\/path><\/svg>\t\t\t\t\t<\/a>\n\t\t\t\t<\/span>\n\t\t\t\t\t<\/div>\n\t\t\t\t<\/div>\n\t\t\t\t<\/div>\n\t\t\t\t<div class=\"elementor-element elementor-element-7b41af3a elementor-widget-divider--view-line elementor-widget elementor-widget-divider\" data-id=\"7b41af3a\" data-element_type=\"widget\" data-widget_type=\"divider.default\">\n\t\t\t\t<div class=\"elementor-widget-container\">\n\t\t\t\t\t<div class=\"elementor-divider\">\n\t\t\t<span class=\"elementor-divider-separator\">\n\t\t\t\t\t\t<\/span>\n\t\t<\/div>\n\t\t\t\t<\/div>\n\t\t\t\t<\/div>\n\t\t\t\t<div class=\"elementor-element elementor-element-12ddf608 elementor-widget elementor-widget-text-editor\" data-id=\"12ddf608\" data-element_type=\"widget\" data-widget_type=\"text-editor.default\">\n\t\t\t\t<div class=\"elementor-widget-container\">\n\t\t\t\t\t\t\t<p>Pla\u00e7a de Josep Freixa i Argem\u00ed 8, 08224 Terrassa. Barcelona\u200b<br \/>639 158 114 &#8211; 93 736 9051\u200b cdc@comdecasa.cat<\/p>\t\t\t\t\t\t<\/div>\n\t\t\t\t<\/div>\n\t\t\t\t\t<\/div>\n\t\t\t\t<\/div>\n\t\t<div class=\"elementor-element elementor-element-3233d8a e-flex e-con-boxed e-con e-parent\" data-id=\"3233d8a\" data-element_type=\"container\" data-settings=\"{&quot;container_type&quot;:&quot;flex&quot;,&quot;content_width&quot;:&quot;boxed&quot;}\" data-core-v316-plus=\"true\">\n\t\t\t\t\t<div class=\"e-con-inner\">\n\t\t\t\t<div class=\"elementor-element elementor-element-7d6db3e elementor-pagination-type-bullets elementor-arrows-position-inside elementor-pagination-position-outside elementor-widget elementor-widget-loop-carousel\" data-id=\"7d6db3e\" data-element_type=\"widget\" data-settings=\"{&quot;template_id&quot;:2268,&quot;_skin&quot;:&quot;post&quot;,&quot;slides_to_show&quot;:&quot;3&quot;,&quot;slides_to_show_tablet&quot;:&quot;2&quot;,&quot;slides_to_show_mobile&quot;:&quot;1&quot;,&quot;slides_to_scroll&quot;:&quot;1&quot;,&quot;edit_handle_selector&quot;:&quot;.elementor-widget-container&quot;,&quot;autoplay&quot;:&quot;yes&quot;,&quot;autoplay_speed&quot;:5000,&quot;pause_on_hover&quot;:&quot;yes&quot;,&quot;pause_on_interaction&quot;:&quot;yes&quot;,&quot;infinite&quot;:&quot;yes&quot;,&quot;speed&quot;:500,&quot;offset_sides&quot;:&quot;none&quot;,&quot;arrows&quot;:&quot;yes&quot;,&quot;pagination&quot;:&quot;bullets&quot;,&quot;image_spacing_custom&quot;:{&quot;unit&quot;:&quot;px&quot;,&quot;size&quot;:10,&quot;sizes&quot;:[]},&quot;image_spacing_custom_tablet&quot;:{&quot;unit&quot;:&quot;px&quot;,&quot;size&quot;:&quot;&quot;,&quot;sizes&quot;:[]},&quot;image_spacing_custom_mobile&quot;:{&quot;unit&quot;:&quot;px&quot;,&quot;size&quot;:&quot;&quot;,&quot;sizes&quot;:[]}}\" data-widget_type=\"loop-carousel.post\">\n\t\t\t\t<div class=\"elementor-widget-container\">\n\t\t\t\t\t<div class=\"e-loop-nothing-found-message\">\n\t\t<\/div>\n\t\t\t\t<\/div>\n\t\t\t\t<\/div>\n\t\t\t\t\t<\/div>\n\t\t\t\t<\/div>\n\t\t\t\t\t\t\t<\/div>\n\t\t","protected":false},"excerpt":{"rendered":"<p>Qui som Com de Casa va n\u00e9ixer el 2006. Vam comen\u00e7ar gr\u00e0cies a la inspiraci\u00f3 que ens va donar la nostra \u00e0via. Ella ens va ensenyar a dignificar i respectar tots els oficis i a treballar fort per aconseguir el que et proposes. Vam comen\u00e7ar 3 persones, la meva germana, l&#8217;\u00c0ngels, treballadora de la llar &hellip;<\/p>\n<p class=\"read-more\"> <a class=\"\" href=\"https:\/\/comdecasa.cat\/index.php\/qui-som\/\"> <span class=\"screen-reader-text\">Qui som<\/span> Llegeix m\u00e9s &raquo;<\/a><\/p>\n","protected":false},"author":3,"featured_media":0,"parent":0,"menu_order":0,"comment_status":"closed","ping_status":"closed","template":"","meta":{"site-sidebar-layout":"no-sidebar","site-content-layout":"page-builder","ast-main-header-display":"","ast-hfb-above-header-display":"","ast-hfb-below-header-display":"","ast-hfb-mobile-header-display":"","site-post-title":"disabled","ast-breadcrumbs-content":"","ast-featured-img":"disabled","footer-sml-layout":"","theme-transparent-header-meta":"default","adv-header-id-meta":"","stick-header-meta":"","header-above-stick-meta":"","header-main-stick-meta":"","header-below-stick-meta":"","footnotes":""},"_links":{"self":[{"href":"https:\/\/comdecasa.cat\/index.php\/wp-json\/wp\/v2\/pages\/209"}],"collection":[{"href":"https:\/\/comdecasa.cat\/index.php\/wp-json\/wp\/v2\/pages"}],"about":[{"href":"https:\/\/comdecasa.cat\/index.php\/wp-json\/wp\/v2\/types\/page"}],"author":[{"embeddable":true,"href":"https:\/\/comdecasa.cat\/index.php\/wp-json\/wp\/v2\/users\/3"}],"replies":[{"embeddable":true,"href":"https:\/\/comdecasa.cat\/index.php\/wp-json\/wp\/v2\/comments?post=209"}],"version-history":[{"count":244,"href":"https:\/\/comdecasa.cat\/index.php\/wp-json\/wp\/v2\/pages\/209\/revisions"}],"predecessor-version":[{"id":2285,"href":"https:\/\/comdecasa.cat\/index.php\/wp-json\/wp\/v2\/pages\/209\/revisions\/2285"}],"wp:attachment":[{"href":"https:\/\/comdecasa.cat\/index.php\/wp-json\/wp\/v2\/media?parent=209"}],"curies":[{"name":"wp","href":"https:\/\/api.w.org\/{rel}","templated":true}]}}